{"id":980,"date":"2016-09-11T23:31:41","date_gmt":"2016-09-11T21:31:41","guid":{"rendered":"http:\/\/metzvilletango.com\/new\/?page_id=980"},"modified":"2017-08-26T13:25:26","modified_gmt":"2017-08-26T11:25:26","slug":"article-du-president-d-honeur","status":"publish","type":"page","link":"http:\/\/metzvilletango.com\/new\/le-tango\/article-du-president-d-honeur","title":{"rendered":"Article du Pr\u00e9sident d&rsquo;honneur"},"content":{"rendered":"<p>Le Tango Argentin &#8211; Une danse de couple<\/p>\n<p>&nbsp;<\/p>\n<p>Danser le tango, c&rsquo;est accepter d&rsquo;\u00eatre dans les bras l&rsquo;un de l&rsquo;autre.<\/p>\n<p>&nbsp;<\/p>\n<p>Il se murmure que le tango est une danse de \u00ab\u00a0macho\u00a0\u00bb. On chuchote que la femme le danse les yeux clos, qu&rsquo;il est n\u00e9 dans les bas-fonds et les bordels de Buenos Aires. On soupire qu&rsquo;il se dansait entre hommes et que c&rsquo;est beau dans\u00e9.<\/p>\n<p>Il serait arriv\u00e9 en France &#8211; \u00e0 Marseille &#8211; avec les marins d&rsquo;une fr\u00e9gate \u00e9cole argentine, le Sarmiento, en 1906 et fera fureur dans les ann\u00e9es folles de 1920-1925. Sa forme la plus r\u00e9pandue \u00e9tait le musette des guinguettes, des dancings et des th\u00e9s dansants.<\/p>\n<p>Apr\u00e8s 1945, avec l&rsquo;irruption des danses tr\u00e8s rythm\u00e9es &#8211; boogie-woogie, be-bop, rock&rsquo;n&rsquo;roll, etc &#8211; \u00e0 structure ouverte, arrive une autre g\u00e9n\u00e9ration de danseurs. On assiste \u00e0 la s\u00e9paration du couple dans la danse et \u00e0 une ringardisation des danses de bal, Tango y compris.<\/p>\n<p>En 1983, apr\u00e8s la pr\u00e9sentation du spectacle Tango Argentino au th\u00e9\u00e2tre du Ch\u00e2telet \u00e0 Paris, un r\u00e9seau associatif ind\u00e9pendant des \u00e9coles de danse de salon se constitue. Il va d\u00e9velopper la culture de tango.<\/p>\n<p>La notion de bal tango n&rsquo;existait pas en France, on assiste alors \u00e0 la reconstruction d&rsquo;une culture de bal. La d\u00e9couverte des orchestres des ann\u00e9es 1925-1950 concourt \u00e0 un d\u00e9veloppement musical sp\u00e9cifique. Les th\u00e8mes \u00e9cris avant 1945 deviennent de v\u00e9ritables standards.<\/p>\n<p>Une extraordinaire fr\u00e9n\u00e9sie de danse se propage, en France, \u00e0 travers l&rsquo;Europe, les \u00c9tats-Unis, et s&rsquo;\u00e9tend au monde entier.<\/p>\n<p>Ecrit par BOB KRAJCER avec les sources : <em>Christophe Appril TANGO &#8211; le couple, le bal et la sc\u00e8ne; NARDO ZALCO\u00a0; Lydia Ferrari\u00a0 (les Secrets d\u2019une danse) PARIS BUENOS AIRES.<\/em><\/p>\n","protected":false},"excerpt":{"rendered":"<p>Le Tango Argentin &#8211; Une danse de couple &nbsp; Danser le tango, c&rsquo;est accepter d&rsquo;\u00eatre dans les bras l&rsquo;un de l&rsquo;autre. &nbsp; Il se murmure que le tango est une danse de \u00ab\u00a0macho\u00a0\u00bb. On chuchote que la femme le danse les yeux clos, qu&rsquo;il est n\u00e9 dans les bas-fonds et les bordels de Buenos Aires. [&hellip;]<\/p>\n","protected":false},"author":1,"featured_media":0,"parent":662,"menu_order":0,"comment_status":"closed","ping_status":"closed","template":"","meta":{"footnotes":""},"class_list":["post-980","page","type-page","status-publish","hentry"],"_links":{"self":[{"href":"http:\/\/metzvilletango.com\/new\/wp-json\/wp\/v2\/pages\/980","targetHints":{"allow":["GET"]}}],"collection":[{"href":"http:\/\/metzvilletango.com\/new\/wp-json\/wp\/v2\/pages"}],"about":[{"href":"http:\/\/metzvilletango.com\/new\/wp-json\/wp\/v2\/types\/page"}],"author":[{"embeddable":true,"href":"http:\/\/metzvilletango.com\/new\/wp-json\/wp\/v2\/users\/1"}],"replies":[{"embeddable":true,"href":"http:\/\/metzvilletango.com\/new\/wp-json\/wp\/v2\/comments?post=980"}],"version-history":[{"count":4,"href":"http:\/\/metzvilletango.com\/new\/wp-json\/wp\/v2\/pages\/980\/revisions"}],"predecessor-version":[{"id":1053,"href":"http:\/\/metzvilletango.com\/new\/wp-json\/wp\/v2\/pages\/980\/revisions\/1053"}],"up":[{"embeddable":true,"href":"http:\/\/metzvilletango.com\/new\/wp-json\/wp\/v2\/pages\/662"}],"wp:attachment":[{"href":"http:\/\/metzvilletango.com\/new\/wp-json\/wp\/v2\/media?parent=980"}],"curies":[{"name":"wp","href":"https:\/\/api.w.org\/{rel}","templated":true}]}}