{"id":963,"date":"2016-09-11T23:21:54","date_gmt":"2016-09-11T21:21:54","guid":{"rendered":"http:\/\/metzvilletango.com\/new\/?page_id=963"},"modified":"2022-09-16T06:09:31","modified_gmt":"2022-09-16T04:09:31","slug":"notre-association","status":"publish","type":"page","link":"http:\/\/metzvilletango.com\/new\/notre-association","title":{"rendered":"Notre association"},"content":{"rendered":"<p>Depuis l\u2019an 2000 l\u2019association culturelle METZ VILLE TANGO \u0153uvre \u00e0 la promotion du tango argentin et de la culture latino-am\u00e9ricaine.<br \/>\nPar des cours, des stages, des \u00e9v\u00e8nements, des bals et des soir\u00e9es tango\u2026<br \/>\nChaque \u00e9t\u00e9 en partenariat avec la ville de Metz, mais aussi l\u2019association Quartier Saint Louis, les habitants de Metz ont pu assister \u00e0 des bals tango en plein air sur des magnifiques places de notre ville (place Saint Louis, place de la Com\u00e9die et place de Chambre) avec parfois un orchestre et la d\u00e9monstration de maestros.<\/p>\n<blockquote class=\"wp-embedded-content\" data-secret=\"UpmF6eT9Ag\"><p><a href=\"http:\/\/metzvilletango.com\/new\/notre-association\/nos-objectifs\">Nos objectifs<\/a><\/p><\/blockquote>\n<p><iframe loading=\"lazy\" class=\"wp-embedded-content\" sandbox=\"allow-scripts\" security=\"restricted\" style=\"position: absolute; clip: rect(1px, 1px, 1px, 1px);\" src=\"http:\/\/metzvilletango.com\/new\/notre-association\/nos-objectifs\/embed#?secret=UpmF6eT9Ag\" data-secret=\"UpmF6eT9Ag\" width=\"600\" height=\"338\" title=\"\u00ab\u00a0Nos objectifs\u00a0\u00bb &#8212; Metz Ville Tango\" frameborder=\"0\" marginwidth=\"0\" marginheight=\"0\" scrolling=\"no\"><\/iframe><\/p>\n<blockquote class=\"wp-embedded-content\" data-secret=\"VXbTtFrvgs\"><p><a href=\"http:\/\/metzvilletango.com\/new\/notre-association\/historique-du-tango-a-metz\">Historique du tango \u00e0 Metz<\/a><\/p><\/blockquote>\n<p><iframe loading=\"lazy\" class=\"wp-embedded-content\" sandbox=\"allow-scripts\" security=\"restricted\" style=\"position: absolute; clip: rect(1px, 1px, 1px, 1px);\" src=\"http:\/\/metzvilletango.com\/new\/notre-association\/historique-du-tango-a-metz\/embed#?secret=VXbTtFrvgs\" data-secret=\"VXbTtFrvgs\" width=\"600\" height=\"338\" title=\"\u00ab\u00a0Historique du tango \u00e0 Metz\u00a0\u00bb &#8212; Metz Ville Tango\" frameborder=\"0\" marginwidth=\"0\" marginheight=\"0\" scrolling=\"no\"><\/iframe><\/p>\n<blockquote class=\"wp-embedded-content\" data-secret=\"kUJ9pObnwt\"><p><a href=\"http:\/\/metzvilletango.com\/new\/notre-association\/nos-partenaires\">Nos Partenaires<\/a><\/p><\/blockquote>\n<p><iframe loading=\"lazy\" class=\"wp-embedded-content\" sandbox=\"allow-scripts\" security=\"restricted\" style=\"position: absolute; clip: rect(1px, 1px, 1px, 1px);\" src=\"http:\/\/metzvilletango.com\/new\/notre-association\/nos-partenaires\/embed#?secret=kUJ9pObnwt\" data-secret=\"kUJ9pObnwt\" width=\"600\" height=\"338\" title=\"\u00ab\u00a0Nos Partenaires\u00a0\u00bb &#8212; Metz Ville Tango\" frameborder=\"0\" marginwidth=\"0\" marginheight=\"0\" scrolling=\"no\"><\/iframe><\/p>\n<p>&nbsp;<\/p>\n","protected":false},"excerpt":{"rendered":"<p>Depuis l\u2019an 2000 l\u2019association culturelle METZ VILLE TANGO \u0153uvre \u00e0 la promotion du tango argentin et de la culture latino-am\u00e9ricaine. Par des cours, des stages, des \u00e9v\u00e8nements, des bals et des soir\u00e9es tango\u2026 Chaque \u00e9t\u00e9 en partenariat avec la ville de Metz, mais aussi l\u2019association Quartier Saint Louis, les habitants de Metz ont pu assister [&hellip;]<\/p>\n","protected":false},"author":1,"featured_media":0,"parent":0,"menu_order":0,"comment_status":"closed","ping_status":"closed","template":"","meta":{"footnotes":""},"class_list":["post-963","page","type-page","status-publish","hentry"],"_links":{"self":[{"href":"http:\/\/metzvilletango.com\/new\/wp-json\/wp\/v2\/pages\/963","targetHints":{"allow":["GET"]}}],"collection":[{"href":"http:\/\/metzvilletango.com\/new\/wp-json\/wp\/v2\/pages"}],"about":[{"href":"http:\/\/metzvilletango.com\/new\/wp-json\/wp\/v2\/types\/page"}],"author":[{"embeddable":true,"href":"http:\/\/metzvilletango.com\/new\/wp-json\/wp\/v2\/users\/1"}],"replies":[{"embeddable":true,"href":"http:\/\/metzvilletango.com\/new\/wp-json\/wp\/v2\/comments?post=963"}],"version-history":[{"count":14,"href":"http:\/\/metzvilletango.com\/new\/wp-json\/wp\/v2\/pages\/963\/revisions"}],"predecessor-version":[{"id":6822,"href":"http:\/\/metzvilletango.com\/new\/wp-json\/wp\/v2\/pages\/963\/revisions\/6822"}],"wp:attachment":[{"href":"http:\/\/metzvilletango.com\/new\/wp-json\/wp\/v2\/media?parent=963"}],"curies":[{"name":"wp","href":"https:\/\/api.w.org\/{rel}","templated":true}]}}