{"id":1104,"date":"2017-09-14T20:10:28","date_gmt":"2017-09-14T18:10:28","guid":{"rendered":"http:\/\/metzvilletango.com\/new\/?page_id=1104"},"modified":"2025-10-06T19:54:03","modified_gmt":"2025-10-06T17:54:03","slug":"nos-cours-2025-2026","status":"publish","type":"page","link":"http:\/\/metzvilletango.com\/new\/cours\/nos-cours-2025-2026","title":{"rendered":"Nos cours 2025-2026"},"content":{"rendered":"<p>Metz Ville Tango a le plaisir de vous proposer les nouveaux cours de la saison 2025-2026.<\/p>\n<p>Notre professeur est <span style=\"color: #800000;\"><strong>Luis Bruni<\/strong>, <strong>maestro originaire de Buenos Aires<\/strong>,<\/span> qui enseigne notamment \u00e0 Paris et au Havre.<br \/>\nVous pouvez profiter de son expertise <strong>les mardis<\/strong> \u00e0 Metz et rejoindre nos cours \u00e0 tout moment de l&rsquo;ann\u00e9e.<br \/>\nLuis sera ponctuellement accompagn\u00e9 par <span style=\"color: #800000;\"><strong>Betania Antico<\/strong><\/span>.<\/p>\n<p>Premier cours avec notre maestro Luis le\u00a0<strong>mardi 7 octobre<\/strong>.<\/p>\n<p><em>Luis et Betania<\/em><br \/>\n<img loading=\"lazy\" decoding=\"async\" class=\"alignnone wp-image-14384\" src=\"http:\/\/metzvilletango.com\/new\/wp-content\/uploads\/2024\/09\/BAR-ALEJ3638-2-800x829-AR-661x685.jpg\" alt=\"\" width=\"400\" height=\"414\" srcset=\"http:\/\/metzvilletango.com\/new\/wp-content\/uploads\/2024\/09\/BAR-ALEJ3638-2-800x829-AR-661x685.jpg 661w, http:\/\/metzvilletango.com\/new\/wp-content\/uploads\/2024\/09\/BAR-ALEJ3638-2-800x829-AR-193x200.jpg 193w, http:\/\/metzvilletango.com\/new\/wp-content\/uploads\/2024\/09\/BAR-ALEJ3638-2-800x829-AR-768x796.jpg 768w, http:\/\/metzvilletango.com\/new\/wp-content\/uploads\/2024\/09\/BAR-ALEJ3638-2-800x829-AR-230x238.jpg 230w, http:\/\/metzvilletango.com\/new\/wp-content\/uploads\/2024\/09\/BAR-ALEJ3638-2-800x829-AR-350x363.jpg 350w, http:\/\/metzvilletango.com\/new\/wp-content\/uploads\/2024\/09\/BAR-ALEJ3638-2-800x829-AR-480x497.jpg 480w, http:\/\/metzvilletango.com\/new\/wp-content\/uploads\/2024\/09\/BAR-ALEJ3638-2-800x829-AR.jpg 800w\" sizes=\"auto, (max-width: 400px) 100vw, 400px\" \/><\/p>\n<p style=\"padding-left: 30px;\"><em>Pour les personnes qui ne peuvent pas venir le mardi,<\/em><br \/>\n<em>nous proposerons, en fonction de la demande, des cours d\u00e9butants <strong>les jeudis<\/strong> avec <strong>Pierre<\/strong>.<\/em><\/p>\n<p>&nbsp;<\/p>\n<h2><span style=\"color: #800000;\">COURS DE TANGO ARGENTIN<br \/>\nAvec notre maestro Luis BRUNI,<br \/>\n<\/span>accompagn\u00e9 ponctuellement de Betania Antico,<br \/>\n<span style=\"color: #800000;\">les mardis \u00e0 partir de 19h30<\/span><\/h2>\n<p><em>Luis et Betania, Tango Argentin \u00e0 Paris<\/em><br \/>\n<iframe loading=\"lazy\" src=\"https:\/\/www.youtube.com\/embed\/pLPHwhu7bhM?rel=0\" width=\"270\" height=\"480\" frameborder=\"0\"><\/iframe><\/p>\n<p><em>Luis et Natalia, Hommage \u00e0 Carlos Di Sarli<\/em><br \/>\n<iframe loading=\"lazy\" src=\"https:\/\/www.youtube.com\/embed\/sgDZQAdrRgM?rel=0\" width=\"560\" height=\"315\" frameborder=\"0\" allowfullscreen=\"allowfullscreen\"><\/iframe><\/p>\n<h3><span style=\"color: #000000;\"><strong>Les cours avec Luis Bruni,<br \/>\n<\/strong>accompagn\u00e9 ponctuellement de Betania Antico<strong><br \/>\n<\/strong><\/span><\/h3>\n<table>\n<tbody>\n<tr>\n<td style=\"text-align: left;\"><strong>D\u00e9butants<\/strong><\/td>\n<td style=\"text-align: center;\">1h<\/td>\n<td><strong>19h30 &#8211; 20h30<\/strong><\/td>\n<\/tr>\n<tr>\n<td style=\"text-align: left;\"><span style=\"color: #003300;\"><strong>Cours de Technique<\/strong> (tous niveaux)<\/span><\/td>\n<td style=\"text-align: center;\"><span style=\"color: #003300;\">40mn<\/span><\/td>\n<td><span style=\"color: #003300;\"><strong>20h35 &#8211; 21h15<\/strong><\/span><\/td>\n<\/tr>\n<tr>\n<td style=\"text-align: left;\"><strong>Interm\u00e9diaires\/avanc\u00e9s<\/strong><\/td>\n<td style=\"text-align: center;\">1h<\/td>\n<td><strong><span style=\"color: #000000;\">21h20 &#8211; 22h20<\/span><\/strong><\/td>\n<\/tr>\n<\/tbody>\n<\/table>\n<p><em>Le \u2018Cours de Technique\u2019 permet une meilleure progression en travaillant sur l\u2019\u00e9quilibre, le travail de la jambe libre et la m\u00e9canique du mouvement.<br \/>\nIl est adapt\u00e9 \u00e0 tous les niveaux, y compris d\u00e9butant.<\/em><\/p>\n<p>&nbsp;<\/p>\n<h3><span style=\"color: #000000;\"><strong>Les pratiques <\/strong><\/span><span style=\"color: #000000;\">(ou practicas) <strong>dirig\u00e9es<br \/>\n<\/strong><\/span><\/h3>\n<p><em><span style=\"color: #000000;\">E<\/span><span style=\"color: #000000;\">n <span style=\"text-decoration: underline;\">alternance avec les cours<\/span> elles<\/span><span style=\"color: #000000;\"> permettent de mettre en application et d&rsquo;assimiler les \u00e9l\u00e9ments vus en cours.<\/span><\/em><\/p>\n<table>\n<tbody>\n<tr>\n<td style=\"text-align: left;\"><strong>Pratiques dirig\u00e9es<\/strong><\/td>\n<td style=\"text-align: center;\"><\/td>\n<td><strong>\u00a0 \u00e0 partir de 19h30 <\/strong>jusque<strong> 22h<\/strong><\/td>\n<\/tr>\n<\/tbody>\n<\/table>\n<p>&nbsp;<\/p>\n<h3><strong>Les dates des s\u00e9ances<\/strong><\/h3>\n<p>Les cours et les pratiques dirig\u00e9es ont lieu en alternance <strong>les mardis<\/strong>\u00a0jusque fin juin.<br \/>\n<em>Il est possible de nous rejoindre \u00e0 tout moment de l&rsquo;ann\u00e9e.<\/em><br \/>\nConsultez notre page <strong><a href=\"http:\/\/metzvilletango.com\/new\/cours\/calendrier\">Calendrier<\/a> <\/strong>pour visualiser les dates exactes.<\/p>\n<p>&nbsp;<\/p>\n<h3><strong>Le lieu<\/strong> des s\u00e9ances du mardi<\/h3>\n<p>Ecole Les Feux de la Rampe<br \/>\n<strong>16 avenue Leclerc de Hauteclocque<\/strong><br \/>\n57000 METZ<\/p>\n<p>&nbsp;<\/p>\n<p>&nbsp;<\/p>\n","protected":false},"excerpt":{"rendered":"<p>Metz Ville Tango a le plaisir de vous proposer les nouveaux cours de la saison 2025-2026. Notre professeur est Luis Bruni, maestro originaire de Buenos Aires, qui enseigne notamment \u00e0 Paris et au Havre. Vous pouvez profiter de son expertise les mardis \u00e0 Metz et rejoindre nos cours \u00e0 tout moment de l&rsquo;ann\u00e9e. Luis sera [&hellip;]<\/p>\n","protected":false},"author":1,"featured_media":0,"parent":417,"menu_order":0,"comment_status":"closed","ping_status":"closed","template":"","meta":{"footnotes":""},"class_list":["post-1104","page","type-page","status-publish","hentry"],"_links":{"self":[{"href":"http:\/\/metzvilletango.com\/new\/wp-json\/wp\/v2\/pages\/1104","targetHints":{"allow":["GET"]}}],"collection":[{"href":"http:\/\/metzvilletango.com\/new\/wp-json\/wp\/v2\/pages"}],"about":[{"href":"http:\/\/metzvilletango.com\/new\/wp-json\/wp\/v2\/types\/page"}],"author":[{"embeddable":true,"href":"http:\/\/metzvilletango.com\/new\/wp-json\/wp\/v2\/users\/1"}],"replies":[{"embeddable":true,"href":"http:\/\/metzvilletango.com\/new\/wp-json\/wp\/v2\/comments?post=1104"}],"version-history":[{"count":43,"href":"http:\/\/metzvilletango.com\/new\/wp-json\/wp\/v2\/pages\/1104\/revisions"}],"predecessor-version":[{"id":21897,"href":"http:\/\/metzvilletango.com\/new\/wp-json\/wp\/v2\/pages\/1104\/revisions\/21897"}],"up":[{"embeddable":true,"href":"http:\/\/metzvilletango.com\/new\/wp-json\/wp\/v2\/pages\/417"}],"wp:attachment":[{"href":"http:\/\/metzvilletango.com\/new\/wp-json\/wp\/v2\/media?parent=1104"}],"curies":[{"name":"wp","href":"https:\/\/api.w.org\/{rel}","templated":true}]}}