{"id":1003,"date":"2016-09-12T00:09:25","date_gmt":"2016-09-11T22:09:25","guid":{"rendered":"http:\/\/metzvilletango.com\/new\/?page_id=1003"},"modified":"2026-04-06T22:21:18","modified_gmt":"2026-04-06T20:21:18","slug":"calendrier","status":"publish","type":"page","link":"http:\/\/metzvilletango.com\/new\/cours\/calendrier","title":{"rendered":"Calendrier"},"content":{"rendered":"<h3>Cours av. Hauteclocque les mardis<\/h3>\n<p style=\"padding-left: 30px;\"><em><strong>Ecole Les Feux de la Rampe,<br \/>\n16 avenue Leclerc de Hauteclocque,<br \/>\n57000 Metz<\/strong><\/em><\/p>\n<p><em>\u00a0Rentr\u00e9e tango \u00e0 partir du 9 septembre avec notre <strong>initiation gratuite<\/strong><\/em>.<\/p>\n<p>Ci dessous le<strong> calendrier 2025-26\u00a0des s\u00e9ances du mardi<\/strong> (cours et pratiques dirig\u00e9es) dans la salle de l&rsquo;\u00e9cole Les Feux de la Rampe.<br \/>\nVous pouvez le <a style=\"text-decoration: underline;\" href=\"http:\/\/metzvilletango.com\/new\/wp-content\/uploads\/2026\/04\/Calendrier-Tango-Mardi-2025-26.pdf\" target=\"_blank\" rel=\"noopener\"><strong>t\u00e9l\u00e9charger ici<\/strong><\/a> au format PDF.<\/p>\n<h3><img loading=\"lazy\" decoding=\"async\" class=\"alignnone  wp-image-20009\" src=\"http:\/\/metzvilletango.com\/new\/wp-content\/uploads\/2026\/04\/Calendrier-Tango-Mardi-2025-26.jpg\" alt=\"\" width=\"780\" height=\"556\" \/><\/h3>\n<h3>Cours au Sablon les jeudis<\/h3>\n<p style=\"padding-left: 30px;\"><em><strong>Mairie de quartier Sablon &#8211; 2\u00e8me \u00e9tage, 6 rue des Robert, 57000 Metz<\/strong><\/em><\/p>\n<p><span style=\"color: #000000;\">Pour les personnes qui ne peuvent pas venir le mardi il sera mis en place, en fonction de la demande, des\u00a0cours pour d\u00e9butants les jeudis.<\/span><\/p>\n<p>Vous pourrez par la suite visualiser directement les dates des cours du jeudi <strong><a style=\"text-decoration: underline;\" href=\"http:\/\/metzvilletango.com\/new\/cours\/nos-cours-2025-2026\">\u00e0 la page \u00ab\u00a0Nos cours 2025-2026\u00a0\u00bb<\/a><\/strong> de notre site.<\/p>\n","protected":false},"excerpt":{"rendered":"<p>Cours av. Hauteclocque les mardis Ecole Les Feux de la Rampe, 16 avenue Leclerc de Hauteclocque, 57000 Metz \u00a0Rentr\u00e9e tango \u00e0 partir du 9 septembre avec notre initiation gratuite. Ci dessous le calendrier 2025-26\u00a0des s\u00e9ances du mardi (cours et pratiques dirig\u00e9es) dans la salle de l&rsquo;\u00e9cole Les Feux de la Rampe. Vous pouvez le t\u00e9l\u00e9charger [&hellip;]<\/p>\n","protected":false},"author":1,"featured_media":0,"parent":417,"menu_order":0,"comment_status":"closed","ping_status":"closed","template":"","meta":{"footnotes":""},"class_list":["post-1003","page","type-page","status-publish","hentry"],"_links":{"self":[{"href":"http:\/\/metzvilletango.com\/new\/wp-json\/wp\/v2\/pages\/1003","targetHints":{"allow":["GET"]}}],"collection":[{"href":"http:\/\/metzvilletango.com\/new\/wp-json\/wp\/v2\/pages"}],"about":[{"href":"http:\/\/metzvilletango.com\/new\/wp-json\/wp\/v2\/types\/page"}],"author":[{"embeddable":true,"href":"http:\/\/metzvilletango.com\/new\/wp-json\/wp\/v2\/users\/1"}],"replies":[{"embeddable":true,"href":"http:\/\/metzvilletango.com\/new\/wp-json\/wp\/v2\/comments?post=1003"}],"version-history":[{"count":52,"href":"http:\/\/metzvilletango.com\/new\/wp-json\/wp\/v2\/pages\/1003\/revisions"}],"predecessor-version":[{"id":22676,"href":"http:\/\/metzvilletango.com\/new\/wp-json\/wp\/v2\/pages\/1003\/revisions\/22676"}],"up":[{"embeddable":true,"href":"http:\/\/metzvilletango.com\/new\/wp-json\/wp\/v2\/pages\/417"}],"wp:attachment":[{"href":"http:\/\/metzvilletango.com\/new\/wp-json\/wp\/v2\/media?parent=1003"}],"curies":[{"name":"wp","href":"https:\/\/api.w.org\/{rel}","templated":true}]}}